{"id":354,"date":"2016-10-07T18:41:35","date_gmt":"2016-10-07T15:41:35","guid":{"rendered":"https:\/\/web-mng.iptp.com\/?page_id=354"},"modified":"2019-12-25T09:47:04","modified_gmt":"2019-12-25T06:47:04","slug":"ip-telephony","status":"publish","type":"page","link":"https:\/\/www.iptp.us\/es_ES\/video\/ip-telephony\/","title":{"rendered":"Telefon\u00eda IP"},"content":{"rendered":"<p>Las ventajas de la telefon&iacute;a IP, en comparaci&oacute;n con los sistemas telef&oacute;nicos heredados, son totalmente evidentes.<br>\nAyuda a reducir las facturas mensuales de los servicios de telecomunicaciones, aumenta la eficiencia de los sistemas de comunicaci&oacute;n, agrega numerosas funciones de convergencia innovadoras y modifica la apariencia de su oficina para actualizarla con los est&aacute;ndares est&eacute;ticos contempor&aacute;neos. La lista autoexplicativa de los beneficios de la implementaci&oacute;n de la soluci&oacute;n de telefon&iacute;a IP incluye:<\/p><h6>Reducci&oacute;n de Gastos Corrientes<\/h6><ul>\n<li>Llamadas telef&oacute;nicas gratuitas entre sucursales de la empresa;<\/li>\n<li>Ahorros adicionales en llamadas de &ldquo;tel&eacute;fono IP -&gt; tel&eacute;fono ordinario&rdquo;;<\/li>\n<li>Ning&uacute;n costo de sistema de telefon&iacute;a para las ubicaciones donde se utiliza el sistema de telefon&iacute;a IP para todas las extensiones;<\/li>\n<li>La operadora autom&aacute;tica maneja las llamadas de los clientes sin una recepcionista y las transfiere a la extensi&oacute;n correspondiente;<\/li>\n<li>Al usar cables LAN existentes, el sistema le ahorra su presupuesto para la implementaci&oacute;n;<\/li>\n<li>A trav&eacute;s de la flexibilidad y capacidad de expansi&oacute;n del sistema se logra la Protecci&oacute;n de la inversi&oacute;n para el crecimiento futuro.<\/li>\n<\/ul><h6>Eficiencia de Comunicaci&oacute;n<\/h6><p>Las comunicaciones convergentes de datos y voz dentro de una plataforma &uacute;nica y altamente confiable proporcionan una serie de caracter&iacute;sticas sofisticadas:<\/p><ul>\n<li>Interfaz sin demoras y f&aacute;cil de usar<\/li>\n<li>Hacer llamadas directamente desde el software de computadora haciendo clic en el bot&oacute;n &ldquo;Marcar&rdquo; en su libreta de direcciones;<\/li>\n<li>Tres niveles de servicios de directorio: Libreta personal de direcciones, Libreta de direcciones compartida y Directorio de todas las extensiones;<\/li>\n<li>Ver el nombre de la parte que llama si est&aacute; incluido en la lista del Directorio;<\/li>\n<li>Remarcado r&aacute;pido de uno de los n&uacute;meros marcados previamente;<\/li>\n<li>Mostrar la lista de todas las llamadas perdidas para una devoluci&oacute;n de llamada f&aacute;cil<\/li>\n<\/ul><h6>Movilidad<\/h6><ul>\n<li>Los tel&eacute;fonos IP WiFi permiten el uso de la telefon&iacute;a IP en todas las instalaciones dentro del &aacute;rea de cobertura WiFi;<\/li>\n<li>Recibe llamadas que llegan a la sucursal remota en la que te encuentras.<\/li>\n<\/ul><h6>Comunicaci&oacute;n avanzada<\/h6><ul>\n<li>Hacer llamadas de conferencia entre la oficina y extensiones remotas;<\/li>\n<li>Hacer reuniones salas de conferencias virtuales;<\/li>\n<li>Correo de voz escalable de 4 a 16 sesiones simult&aacute;neas y de 12 a 120 buzones de correo;<\/li>\n<li>Aplicaci&oacute;n interactiva de respuesta de voz para empresas;<\/li>\n<\/ul><h6>Convergencia Innovadora<\/h6><p>La innovaci&oacute;n tecnol&oacute;gica permite la integraci&oacute;n de la telefon&iacute;a IP con una computadora personal, que proporciona los siguientes beneficios:<\/p><ul>\n<li>Video Telefon&iacute;a;<\/li>\n<li>Video-conferencia;<\/li>\n<li>La capacidad de integraci&oacute;n con sistemas de gesti&oacute;n de relaciones con clientes para hasta 240 usuarios;<\/li>\n<li>La red privada virtual le permite usar la extensi&oacute;n de su oficina, incluso cuando est&aacute; fuera de la oficina;<\/li>\n<li>Su interfaz gr&aacute;fica de usuario intuitiva asegura una instalaci&oacute;n f&aacute;cil, dando espacio para acciones, complementos y ajustes.<\/li>\n<\/ul><h6>Tel&eacute;fonos IP como terminales para otras aplicaciones que com&uacute;nmente son sistemas separados<\/h6><ul>\n<li>Terminales de videovigilancia o seguridad remotos;<\/li>\n<li>Terminales de control del sistema de iluminaci&oacute;n y regulaci&oacute;n;<\/li>\n<li>Terminales de control de aire acondicionado y sistema de calefacci&oacute;n;<\/li>\n<li>Terminal de monitoreo para aplicaci&oacute;n en los negocios.<\/li>\n<\/ul><h6>Amplia selecci&oacute;n de modelos de Tel&eacute;fonos IP<\/h6><p>Cisco CallManager Express es una soluci&oacute;n integrada en el software Cisco IOS&reg;, que proporciona capacidades de telefon&iacute;a IP f&aacute;ciles y asequibles para peque&ntilde;as empresas y sucursales de empresas. Esta soluci&oacute;n permite que la amplia cartera de enrutadores de servicios integrados de Cisco y los enrutadores de acceso multiservicio ofrezcan un conjunto s&oacute;lido de funciones de telefon&iacute;a utilizadas com&uacute;nmente por los usuarios comerciales, al tiempo que simplifica la administraci&oacute;n, el mantenimiento y las operaciones, y reduce el costo total de propiedad.<\/p><h6>Atractivo Visual<\/h6><p>Los tel&eacute;fonos IP de Cisco de la serie CP7975G le brindan la opci&oacute;n de instalar fondos adicionales para la pantalla, lo que hace que la apariencia de su oficina sea f&aacute;cilmente modificable seg&uacute;n su gusto. Consulte nuestra gu&iacute;a para obtener instrucciones detalladas sobre c&oacute;mo instalar estos fondos.<\/p><h5>Soluci&oacute;n de Red de tTelefon&iacute;a IP \/ Ethernet \/ Inal&aacute;mbrica 802.11 b\/a<\/h5><p>Los sistemas de redes inal&aacute;mbricas y Ethernet entregan:<\/p><ul>\n<li>Topolog&iacute;a de red redundante con enlaces din&aacute;micos de conmutaci&oacute;n por error utilizando el protocolo Rapid SpanningTree;<\/li>\n<li>Troncales backbone redundantes de d&uacute;plex completo de 8000 Mbps (8 Gbps) entre los conmutadores centrales;<\/li>\n<li>Aprovisionamiento para tel&eacute;fonos IP de Cisco POE (Power over Ethernet) y puntos de acceso inal&aacute;mbricos, utilizando el cableado de red para proporcionar energ&iacute;a al equipo;<\/li>\n<li>Cobertura de 802.11b \/ 802.11a de banda dual inal&aacute;mbrica de las &aacute;reas espec&iacute;ficas;<\/li>\n<li>Roaming transparente de tel&eacute;fonos y laptops entre los puntos de acceso sin interrupci&oacute;n;<\/li>\n<li>Provisi&oacute;n de QoS para el tr&aacute;fico de voz en la red inal&aacute;mbrica con dot1Q;<\/li>\n<li>Provisi&oacute;n de QoS para voz y video en red conmutada Ethernet con dot1Q VLAN y dot1P CoS (Clase de servicio);<\/li>\n<li>Gesti&oacute;n remota de conmutadores de red y puntos de acceso inal&aacute;mbricos.<\/li>\n<\/ul><p>El servicio incluye muchas otras caracter&iacute;sticas que aumentan la eficiencia del rendimiento y el resultado general del negocio. Encuentra m&aacute;s en <a href=\"https:\/\/www.iptp.us\/es_ES\/video\/automation-solutions\/triple-play-on-yacht\/\">Telefon&iacute;a en embarcaciones a motor<\/a>.<\/p>\n","protected":false},"excerpt":{"rendered":"<p>Las ventajas de la telefon\u00eda IP, en comparaci\u00f3n con los sistemas telef\u00f3nicos heredados, son totalmente evidentes.<br \/>\nAyuda a reducir las facturas mensuales de los servicios de telecomunicaciones, aumenta la eficiencia de los sistemas de comunicaci\u00f3n, a&#8230;<\/p>\n","protected":false},"author":1,"featured_media":0,"parent":326,"menu_order":0,"comment_status":"closed","ping_status":"closed","template":"","meta":[],"acf":[],"aioseo_notices":[],"_links":{"self":[{"href":"https:\/\/www.iptp.us\/es_ES\/wp-json\/wp\/v2\/pages\/354"}],"collection":[{"href":"https:\/\/www.iptp.us\/es_ES\/wp-json\/wp\/v2\/pages"}],"about":[{"href":"https:\/\/www.iptp.us\/es_ES\/wp-json\/wp\/v2\/types\/page"}],"author":[{"embeddable":true,"href":"https:\/\/www.iptp.us\/es_ES\/wp-json\/wp\/v2\/users\/1"}],"replies":[{"embeddable":true,"href":"https:\/\/www.iptp.us\/es_ES\/wp-json\/wp\/v2\/comments?post=354"}],"version-history":[{"count":43,"href":"https:\/\/www.iptp.us\/es_ES\/wp-json\/wp\/v2\/pages\/354\/revisions"}],"predecessor-version":[{"id":15824,"href":"https:\/\/www.iptp.us\/es_ES\/wp-json\/wp\/v2\/pages\/354\/revisions\/15824"}],"up":[{"embeddable":true,"href":"https:\/\/www.iptp.us\/es_ES\/wp-json\/wp\/v2\/pages\/326"}],"wp:attachment":[{"href":"https:\/\/www.iptp.us\/es_ES\/wp-json\/wp\/v2\/media?parent=354"}],"curies":[{"name":"wp","href":"https:\/\/api.w.org\/{rel}","templated":true}]}}