{"id":348,"date":"2016-10-07T18:39:13","date_gmt":"2016-10-07T15:39:13","guid":{"rendered":"https:\/\/web-mng.iptp.com\/?page_id=348"},"modified":"2026-01-13T12:36:59","modified_gmt":"2026-01-13T09:36:59","slug":"video-surveillance","status":"publish","type":"page","link":"https:\/\/www.iptp.us\/es_ES\/business-solutions\/office-solutions\/video-surveillance\/","title":{"rendered":"Video Vigilancia de IPTP"},"content":{"rendered":"<p>La Video Vigilancia de IPTP es una soluci&oacute;n de integraci&oacute;n completamente escalable y altamente confiable que se convierte en un elemento valioso y una inversi&oacute;n a largo plazo en la estrategia de seguridad para su empresa y sus instalaciones. El servicio puede ser respaldado por la administraci&oacute;n, el monitoreo y el mantenimiento, y nuestros ingenieros de ventas, experimentados con lo &uacute;ltimo en tecnolog&iacute;a de TI y seguridad, lo ayudar&aacute;n a elegir el paquete de Vigilancia que se ajustar&aacute; a sus necesidades de seguridad individuales y se alinear&aacute; con sus controladores de negocio, riesgo y valor.<\/p><p><img decoding=\"async\" loading=\"lazy\" class=\"lazy aligncenter size-full wp-image-1190\" src=\"data:image\/gif;base64,R0lGODlhAQABAAD\/ACwAAAAAAQABAAACADs=\" data-src=\"\/wp-content\/uploads\/vs-1ill.jpg\" alt=\"Video Vigilancia de IPTP\" width=\"1200\" height=\"385\" srcset=\"https:\/\/www.iptp.us\/wp-content\/uploads\/vs-1ill.jpg 1200w, https:\/\/www.iptp.us\/wp-content\/uploads\/vs-1ill-300x96.jpg 300w, https:\/\/www.iptp.us\/wp-content\/uploads\/vs-1ill-768x246.jpg 768w, https:\/\/www.iptp.us\/wp-content\/uploads\/vs-1ill-1024x329.jpg 1024w\" sizes=\"(max-width: 1200px) 100vw, 1200px\"><\/p><noscript><img decoding=\"async\" loading=\"lazy\" class=\"aligncenter size-full wp-image-1190 lazy\" src=\"data:image\/gif;base64,R0lGODlhAQABAIAAAAAAAP\/\/\/ywAAAAAAQABAAACAUwAOw==\" alt=\"Video Vigilancia de IPTP\" width=\"1200\" height=\"385\" srcset=\"https:\/\/www.iptp.us\/wp-content\/uploads\/vs-1ill.jpg 1200w, https:\/\/www.iptp.us\/wp-content\/uploads\/vs-1ill-300x96.jpg 300w, https:\/\/www.iptp.us\/wp-content\/uploads\/vs-1ill-768x246.jpg 768w, https:\/\/www.iptp.us\/wp-content\/uploads\/vs-1ill-1024x329.jpg 1024w\" sizes=\"(max-width: 1200px) 100vw, 1200px\" data-src=\"\/wp-content\/uploads\/vs-1ill.jpg\"><\/noscript><h5>SOFTWARE DE VIDEO VIGILANCIA DE IPTP<\/h5><p>Nuestro software de video vigilancia desarrollado internamente est&aacute; dise&ntilde;ado espec&iacute;ficamente para satisfacer las necesidades de los clientes con tecnolog&iacute;a compleja o requisitos de seguridad, y est&aacute; configurado para enfrentar los desaf&iacute;os &uacute;nicos de las peque&ntilde;as y medianas empresas. En comparaci&oacute;n con los sistemas de video vigilancia relativamente econ&oacute;micos con funciones limitadas, como las grabadoras de video digital (DVR), y las soluciones sofisticadas, pero a menudo demasiado caras y con licencia excesiva, el software de video vigilancia de IPTP ofrece una alternativa equilibrada y asequible.<\/p><p>A diferencia de los sistemas de DVR, nuestro software presenta un archivo &uacute;nico mejorado con administraci&oacute;n centralizada y puede admitir desde uno hasta varios cientos de c&aacute;maras de diferentes categor&iacute;as simult&aacute;neamente. Al mismo tiempo, en comparaci&oacute;n con las soluciones de gama alta disponibles en el mercado, IPTP Networks ofrece un precio significativamente m&aacute;s competitivo. Nuestro software, completamente personalizable para ajustarse a los requisitos de su negocio, nos ayuda a trabajar dentro de su presupuesto, ajust&aacute;ndonos a su modelo de negocio y complementando sus inversiones en tecnolog&iacute;a existentes.<\/p><p><img decoding=\"async\" loading=\"lazy\" class=\"lazy aligncenter size-full wp-image-1191\" src=\"data:image\/gif;base64,R0lGODlhAQABAAD\/ACwAAAAAAQABAAACADs=\" data-src=\"\/wp-content\/uploads\/surev_screen.jpg\" alt=\"Video Vigilancia de IPTP\" width=\"1200\" height=\"588\" srcset=\"https:\/\/www.iptp.us\/wp-content\/uploads\/surev_screen.jpg 1200w, https:\/\/www.iptp.us\/wp-content\/uploads\/surev_screen-300x147.jpg 300w, https:\/\/www.iptp.us\/wp-content\/uploads\/surev_screen-768x376.jpg 768w, https:\/\/www.iptp.us\/wp-content\/uploads\/surev_screen-1024x502.jpg 1024w\" sizes=\"(max-width: 1200px) 100vw, 1200px\"><\/p><noscript><img decoding=\"async\" loading=\"lazy\" class=\"aligncenter size-full wp-image-1191 lazy\" src=\"data:image\/gif;base64,R0lGODlhAQABAIAAAAAAAP\/\/\/ywAAAAAAQABAAACAUwAOw==\" alt=\"Video Vigilancia de IPTP\" width=\"1200\" height=\"588\" srcset=\"https:\/\/www.iptp.us\/wp-content\/uploads\/surev_screen.jpg 1200w, https:\/\/www.iptp.us\/wp-content\/uploads\/surev_screen-300x147.jpg 300w, https:\/\/www.iptp.us\/wp-content\/uploads\/surev_screen-768x376.jpg 768w, https:\/\/www.iptp.us\/wp-content\/uploads\/surev_screen-1024x502.jpg 1024w\" sizes=\"(max-width: 1200px) 100vw, 1200px\" data-src=\"\/wp-content\/uploads\/surev_screen.jpg\"><\/noscript><p>El  software de video vigilancia de IPTP se implementa con &eacute;xito mediante IPTP Networks en los centros de datos de la empresa, as&iacute; como en nuestras oficinas en todo el mundo, lo que demuestra la eficacia de la soluci&oacute;n como una forma integrada y escalable para proteger los activos y las personas de la empresa.<\/p><h6>UN SOLO ARCHIVO<\/h6><p>En sistemas alternativos, como DVR y otras soluciones de vigilancia, para extraer grabaciones de una serie de archivos individuales, el usuario necesita referirse al mismo n&uacute;mero de DVR por separado. Con el software de video vigilancia de IPTP, se puede acceder a todos los archivos de todas las c&aacute;maras y servidores en un solo lugar, mientras que todos los datos se almacenan en un archivo unificado seguro y de f&aacute;cil acceso.<\/p><h6>SOPORTE DE DIFERENTES ESTRUCTURAS DE ALMACENAMIENTO DE DATOS CON  CAPACIDADES VARIADAS<\/h6><p>El almacenamiento de datos en un sistema DVR aumenta significativamente el riesgo de p&eacute;rdida de datos debido a posibles fallas en el disco. El software de video vigilancia de IPTP resuelve este problema de una vez por todas, al mismo tiempo que proporciona la flexibilidad de almacenamiento y una variedad de opciones que adaptan el servicio a sus necesidades. Hay opciones para conectar un estante de disco externo o almacenar video en un recurso compartido de red como NFS, mientras que los discos iSCSI se pueden almacenar en una configuraci&oacute;n RAID. Alternativamente, un archivo puede organizarse como una colecci&oacute;n de discos independientes, lo que garantizar&aacute; que sus datos permanezcan disponibles incluso en caso de que uno de los discos no responda. El video se puede grabar en un almacenamiento local r&aacute;pido y luego archivarlo en un almacenamiento de red de gran capacidad. Un archivo tambi&eacute;n se puede almacenar en un recurso compartido de red o, en caso de que no se necesite un archivo, existe la opci&oacute;n de configurar un servidor sin disco.<\/p><h6>UN N&Uacute;MERO ILIMITADO DE ASIENTOS DE OPERADOR<\/h6><p>La posici&oacute;n del operador est&aacute; normalmente sujeta a una serie de restricciones. Algunos sistemas de video vigilancia requieren licencias para cada posici&oacute;n y aplican otras restricciones, como tener un monitor conectado a un DVR para inspeccionar las c&aacute;maras. El software de video vigilancia de IPTP solo requiere un operador para inspeccionar las c&aacute;maras desde todos los servidores, lo que proporciona una forma centralizada de monitorear sus activos. El n&uacute;mero total de posiciones de operador depende de los requisitos de los clientes y puede ser pr&aacute;cticamente ilimitado.<\/p><h6>RECODIFICAR UN VIDEO DE ARCHIVO<\/h6><p>Recodificaci&oacute;n establece la mejor relaci&oacute;n calidad \/ capacidad para el archivo, permitiendo que el sistema almacene un archivo de un a&ntilde;o de duraci&oacute;n en solo 2 &ndash; 3 discos duros. Si el video se est&aacute; grabando a una alta resoluci&oacute;n y ocupa demasiado espacio, la recodificaci&oacute;n permite la conversi&oacute;n a una resoluci&oacute;n m&aacute;s baja, manteniendo su archivo sincronizado con sus demandas y capacidades de capacidad.<\/p><hr><h6>CARACTER&Iacute;STICAS<\/h6><ul>\n<li>Supervise su tienda, oficina o embarcaci&oacute;n con su PC, Pocket PC o TV con una c&aacute;mara de red.<\/li>\n<li>Los datos se le entregan a trav&eacute;s de una conexi&oacute;n a Internet, lo que le permite realizar un seguimiento de sus instalaciones desde cualquier ubicaci&oacute;n.<\/li>\n<li>Trabajamos con TI, Seguridad, Instalaciones y otros departamentos para designar el alcance del proyecto y planificar la instalaci&oacute;n.<\/li>\n<li>Vea el video completo o las im&aacute;genes en movimiento cuando ocurre, desde m&uacute;ltiples ubicaciones, minimizando as&iacute; el ancho de banda \/ tr&aacute;fico.<\/li>\n<li>Migraci&oacute;n de video CCTV a IP. <\/li>\n<li>Visualizaci&oacute;n m&oacute;vil\/remota.<\/li>\n<li>Las im&aacute;genes se cargan en el servidor web y se pueden entregar a la pantalla de su televisor, una PC, Pocket PC o tel&eacute;fono IP de Cisco.<\/li>\n<li>Dise&ntilde;o de redes cableadas e inal&aacute;mbricas.<\/li>\n<li>Integraci&oacute;n con sistemas de control de acceso y alarma habilitados para IP.&gt;<\/li>\n<li>Integration with IP-enabled Access Control &amp; Alarm Systems<\/li>\n<\/ul><p>La video vigilancia de IPTP se puede configurar para interactuar con cualquier otro sistema de TI o de seguridad, empleando los sistemas de c&aacute;maras a su m&aacute;ximo potencial. En funci&oacute;n de los requisitos individuales de los clientes, la soluci&oacute;n se puede entregar sobre la base del Software de Vigilancia de Video desarrollado internamente por IPTP y se puede implementar en cualquier hardware, por ejemplo, enteramente Cisco o basado en la <strong>Video Vigilancia de Cisco.<\/strong><\/p><hr>\n","protected":false},"excerpt":{"rendered":"<p> La Video Vigilancia de IPTP es una soluci\u00f3n de integraci\u00f3n completamente escalable y altamente confiable que se convierte en un elemento valioso y una inversi\u00f3n a largo plazo en la estrategia de seguridad para su empresa y sus instalaciones. El se&#8230;<\/p>\n","protected":false},"author":1,"featured_media":0,"parent":18459,"menu_order":0,"comment_status":"closed","ping_status":"closed","template":"","meta":[],"acf":[],"aioseo_notices":[],"_links":{"self":[{"href":"https:\/\/www.iptp.us\/es_ES\/wp-json\/wp\/v2\/pages\/348"}],"collection":[{"href":"https:\/\/www.iptp.us\/es_ES\/wp-json\/wp\/v2\/pages"}],"about":[{"href":"https:\/\/www.iptp.us\/es_ES\/wp-json\/wp\/v2\/types\/page"}],"author":[{"embeddable":true,"href":"https:\/\/www.iptp.us\/es_ES\/wp-json\/wp\/v2\/users\/1"}],"replies":[{"embeddable":true,"href":"https:\/\/www.iptp.us\/es_ES\/wp-json\/wp\/v2\/comments?post=348"}],"version-history":[{"count":97,"href":"https:\/\/www.iptp.us\/es_ES\/wp-json\/wp\/v2\/pages\/348\/revisions"}],"predecessor-version":[{"id":35767,"href":"https:\/\/www.iptp.us\/es_ES\/wp-json\/wp\/v2\/pages\/348\/revisions\/35767"}],"up":[{"embeddable":true,"href":"https:\/\/www.iptp.us\/es_ES\/wp-json\/wp\/v2\/pages\/18459"}],"wp:attachment":[{"href":"https:\/\/www.iptp.us\/es_ES\/wp-json\/wp\/v2\/media?parent=348"}],"curies":[{"name":"wp","href":"https:\/\/api.w.org\/{rel}","templated":true}]}}