{"id":3055,"date":"2017-11-02T13:52:54","date_gmt":"2017-11-02T10:52:54","guid":{"rendered":"https:\/\/web-dev.iptp.net\/?page_id=3055"},"modified":"2025-05-15T06:27:49","modified_gmt":"2025-05-15T03:27:49","slug":"security-operations-manager","status":"publish","type":"page","link":"https:\/\/www.iptp.us\/es_ES\/careers\/security-operations-manager\/","title":{"rendered":"Gerente de Operaciones de Seguridad"},"content":{"rendered":"<p>El Gerente de Operaciones de Seguridad proporcionar&aacute; direcci&oacute;n y liderazgo general para las ofertas de seguridad administradas por la compa&ntilde;&iacute;a y los servicios del Centro de Operaciones de Seguridad (SOC). Este individuo revisar&aacute; las ofertas de seguridad existentes y desarrollar&aacute; el departamento del centro de operaciones de seguridad de la compa&ntilde;&iacute;a a trav&eacute;s de nuevos servicios, mayor eficiencia y atracci&oacute;n de talento. Este individuo desarrollar&aacute; habilidades y procesos de SOC dentro de la estructura de NOC existente y desarrollar&aacute; un equipo de analistas de seguridad.\n<\/p><h5>Responsabilidades generales:<\/h5><ul>\n<li>Garantizar la entrega exitosa de ofertas de seguridad administradas que incluyen, entre otras, la detecci&oacute;n de intrusiones gestionadas \/ prevenci&oacute;n de intrusos, gesti&oacute;n de registros, escaneo de vulnerabilidades y gesti&oacute;n de vulnerabilidades.<\/li>\n<li>Desarrollar una metodolog&iacute;a SOC dentro del NOC existente.<\/li>\n<li>Administrar el presupuesto del departamento de seguridad.<\/li>\n<li>Determinar los requisitos de personal: gu&iacute;a de contrataci&oacute;n, capacitaci&oacute;n, desarrollo y retenci&oacute;n de los miembros del equipo altamente calificados.<\/li>\n<li>Actuar como analistas de seguridad calificados.<\/li>\n<li>Promover una cultura proactiva en lugar de reactiva dentro del equipo y la organizaci&oacute;n a trav&eacute;s de an&aacute;lisis y m&eacute;tricas mejoradas con enfoque en el desarrollo de un equipo que pueda proporcionar an&aacute;lisis y soluci&oacute;n de problemas de forma aut&oacute;noma.<\/li>\n<li>Influenciar y mejorar los procesos existentes a trav&eacute;s de la innovaci&oacute;n y el cambio operacional.<\/li>\n<li>Administar la colaboraci&oacute;n y la comunicaci&oacute;n con m&uacute;ltiples grupos, funciones y proveedores para alinear procesos y procedimientos para garantizar integraciones e interfaces fluidas dentro de la organizaci&oacute;n.<\/li>\n<li>Tener ingl&eacute;s oral y escrito fluido.<\/li>\n<li>Tener permiso para vivir y trabajar en Vietnam<\/li>\n<\/ul><h5>REQUISITOS<\/h5><ul>\n<li>Licenciatura<\/li>\n<li>M&aacute;s de 3 a&ntilde;os de experiencia en operaciones de seguridad, incluidas tecnolog&iacute;as de detecci&oacute;n de intrusiones \/ prevenci&oacute;n de intrusiones, tecnolog&iacute;as SIEM, tecnolog&iacute;as de gesti&oacute;n de registros y tecnolog&iacute;as de gesti&oacute;n de vulnerabilidades.<\/li>\n<li>M&aacute;s de 3 a&ntilde;os de experiencia en administraci&oacute;n de sistemas Linux<\/li>\n<li>M&aacute;s de 3 a&ntilde;os de experiencia en an&aacute;lisis de amenazas y vulnerabilidades (Nmap, OpenVAS, SAINT)<\/li>\n<li>M&aacute;s de 2 a&ntilde;os de experiencia en firewall y an&aacute;lisis de registro de protocolo de red (Wireshark, Netflow)<\/li>\n<li>M&aacute;s de 2 a&ntilde;os de experiencia en an&aacute;lisis y \/ o soluci&oacute;n de malware en plataformas de Microsoft Windows<\/li>\n<\/ul>\n","protected":false},"excerpt":{"rendered":"<p>   El Gerente de Operaciones de Seguridad proporcionar\u00e1 direcci\u00f3n y liderazgo general para las ofertas de seguridad administradas por la compa\u00f1\u00eda y los servicios del Centro de Opera&#8230;<\/p>\n","protected":false},"author":1,"featured_media":0,"parent":75,"menu_order":0,"comment_status":"closed","ping_status":"closed","template":"","meta":[],"acf":[],"aioseo_notices":[],"_links":{"self":[{"href":"https:\/\/www.iptp.us\/es_ES\/wp-json\/wp\/v2\/pages\/3055"}],"collection":[{"href":"https:\/\/www.iptp.us\/es_ES\/wp-json\/wp\/v2\/pages"}],"about":[{"href":"https:\/\/www.iptp.us\/es_ES\/wp-json\/wp\/v2\/types\/page"}],"author":[{"embeddable":true,"href":"https:\/\/www.iptp.us\/es_ES\/wp-json\/wp\/v2\/users\/1"}],"replies":[{"embeddable":true,"href":"https:\/\/www.iptp.us\/es_ES\/wp-json\/wp\/v2\/comments?post=3055"}],"version-history":[{"count":35,"href":"https:\/\/www.iptp.us\/es_ES\/wp-json\/wp\/v2\/pages\/3055\/revisions"}],"predecessor-version":[{"id":36240,"href":"https:\/\/www.iptp.us\/es_ES\/wp-json\/wp\/v2\/pages\/3055\/revisions\/36240"}],"up":[{"embeddable":true,"href":"https:\/\/www.iptp.us\/es_ES\/wp-json\/wp\/v2\/pages\/75"}],"wp:attachment":[{"href":"https:\/\/www.iptp.us\/es_ES\/wp-json\/wp\/v2\/media?parent=3055"}],"curies":[{"name":"wp","href":"https:\/\/api.w.org\/{rel}","templated":true}]}}