{"id":107,"date":"2016-08-26T12:28:31","date_gmt":"2016-08-26T09:28:31","guid":{"rendered":"https:\/\/web-mng.iptp.com\/?page_id=107"},"modified":"2026-01-12T11:40:29","modified_gmt":"2026-01-12T08:40:29","slug":"ip-telephony","status":"publish","type":"page","link":"https:\/\/www.iptp.us\/es_ES\/business-solutions\/managed-services\/ip-telephony\/","title":{"rendered":"Telefon\u00eda IP "},"content":{"rendered":"<p><img decoding=\"async\" loading=\"lazy\" class=\"lazy size-full wp-image-858 alignleft\" src=\"data:image\/gif;base64,R0lGODlhAQABAAD\/ACwAAAAAAQABAAACADs=\" data-src=\"\/wp-content\/uploads\/smarthome10.jpg\" alt=\"smarthome10\" width=\"161\" height=\"136\"><\/p><noscript><img decoding=\"async\" loading=\"lazy\" class=\"size-full wp-image-858 alignleft lazy\" src=\"data:image\/gif;base64,R0lGODlhAQABAIAAAAAAAP\/\/\/ywAAAAAAQABAAACAUwAOw==\" alt=\"smarthome10\" width=\"161\" height=\"136\" data-src=\"\/wp-content\/uploads\/smarthome10.jpg\"><\/noscript><p>Las ventajas de la telefon&iacute;a IP, en comparaci&oacute;n con los sistemas telef&oacute;nicos heredados, son totalmente evidentes.<br> Ayuda a reducir las facturas mensuales de los servicios de telecomunicaciones, aumenta la eficiencia de los sistemas de comunicaci&oacute;n, agrega numerosas funciones de convergencia innovadoras y modifica la apariencia de su oficina para actualizarla con los est&aacute;ndares est&eacute;ticos contempor&aacute;neos. La lista autoexplicativa de los beneficios de la implementaci&oacute;n de la soluci&oacute;n de telefon&iacute;a IP incluye:<\/p><p>&nbsp;<\/p><p><a href=\"#\">Integraci&oacute;n de Telefon&iacute;a IP<\/a><\/p><p><a href=\"#\">Extensi&oacute;n de oficina para dispositivos m&oacute;viles de Comunicaciones Unificadas de Cisco<\/a><\/p>\n","protected":false},"excerpt":{"rendered":"<p>  Las ventajas de la telefon\u00eda IP, en comparaci\u00f3n con los sistemas telef\u00f3nicos heredados, son totalmente &#8230;<\/p>\n","protected":false},"author":1,"featured_media":20421,"parent":157,"menu_order":0,"comment_status":"closed","ping_status":"closed","template":"","meta":[],"acf":[],"aioseo_notices":[],"_links":{"self":[{"href":"https:\/\/www.iptp.us\/es_ES\/wp-json\/wp\/v2\/pages\/107"}],"collection":[{"href":"https:\/\/www.iptp.us\/es_ES\/wp-json\/wp\/v2\/pages"}],"about":[{"href":"https:\/\/www.iptp.us\/es_ES\/wp-json\/wp\/v2\/types\/page"}],"author":[{"embeddable":true,"href":"https:\/\/www.iptp.us\/es_ES\/wp-json\/wp\/v2\/users\/1"}],"replies":[{"embeddable":true,"href":"https:\/\/www.iptp.us\/es_ES\/wp-json\/wp\/v2\/comments?post=107"}],"version-history":[{"count":92,"href":"https:\/\/www.iptp.us\/es_ES\/wp-json\/wp\/v2\/pages\/107\/revisions"}],"predecessor-version":[{"id":36090,"href":"https:\/\/www.iptp.us\/es_ES\/wp-json\/wp\/v2\/pages\/107\/revisions\/36090"}],"up":[{"embeddable":true,"href":"https:\/\/www.iptp.us\/es_ES\/wp-json\/wp\/v2\/pages\/157"}],"wp:featuredmedia":[{"embeddable":true,"href":"https:\/\/www.iptp.us\/es_ES\/wp-json\/wp\/v2\/media\/20421"}],"wp:attachment":[{"href":"https:\/\/www.iptp.us\/es_ES\/wp-json\/wp\/v2\/media?parent=107"}],"curies":[{"name":"wp","href":"https:\/\/api.w.org\/{rel}","templated":true}]}}